{"id":970,"date":"2021-02-03T12:09:29","date_gmt":"2021-02-03T11:09:29","guid":{"rendered":"https:\/\/www.tinote.app\/?page_id=970"},"modified":"2021-02-13T08:33:22","modified_gmt":"2021-02-13T07:33:22","slug":"contact-us","status":"publish","type":"page","link":"https:\/\/www.tinote.app\/cs\/contact-us\/","title":{"rendered":"Kontaktujte n\u00e1s"},"content":{"rendered":"<div data-elementor-type=\"wp-page\" data-elementor-id=\"970\" class=\"elementor elementor-970\" data-elementor-settings=\"[]\">\n\t\t\t\t\t\t<div class=\"elementor-inner\">\n\t\t\t\t\t\t\t<div class=\"elementor-section-wrap\">\n\t\t\t\t\t\t\t<section class=\"elementor-section elementor-top-section elementor-element elementor-element-7a4b9f74 elementor-section-height-min-height elementor-section-boxed elementor-section-height-default elementor-section-items-middle\" data-id=\"7a4b9f74\" data-element_type=\"section\" data-settings=\"{&quot;background_background&quot;:&quot;classic&quot;}\">\n\t\t\t\t\t\t\t<div class=\"elementor-background-overlay\"><\/div>\n\t\t\t\t\t\t\t<div class=\"elementor-container elementor-column-gap-default\">\n\t\t\t\t\t\t\t<div class=\"elementor-row\">\n\t\t\t\t\t<div class=\"elementor-column elementor-col-100 elementor-top-column elementor-element elementor-element-352671d\" data-id=\"352671d\" data-element_type=\"column\">\n\t\t\t<div class=\"elementor-column-wrap elementor-element-populated\">\n\t\t\t\t\t\t\t<div class=\"elementor-widget-wrap\">\n\t\t\t\t\t\t<div class=\"elementor-element elementor-element-7ec3c918 elementor-widget elementor-widget-spacer\" data-id=\"7ec3c918\" data-element_type=\"widget\" data-widget_type=\"spacer.default\">\n\t\t\t\t<div class=\"elementor-widget-container\">\n\t\t\t\t\t<div class=\"elementor-spacer\">\n\t\t\t<div class=\"elementor-spacer-inner\"><\/div>\n\t\t<\/div>\n\t\t\t\t<\/div>\n\t\t\t\t<\/div>\n\t\t\t\t<div class=\"elementor-element elementor-element-73b8ff64 elementor-view-default elementor-position-top elementor-invisible elementor-widget elementor-widget-themo-header\" data-id=\"73b8ff64\" data-element_type=\"widget\" data-settings=\"{&quot;_animation&quot;:&quot;fadeInDown&quot;}\" data-widget_type=\"themo-header.default\">\n\t\t\t\t<div class=\"elementor-widget-container\">\n\t\t\t\t\t<div class=\"th-header-wrap\">\n        <div class=\"elementor-icon-box-wrapper\">\n                            <div class=\"elementor-icon-box-content\">\n                    <h1 class=\"elementor-icon-box-title\">\n                        <span >Kontaktujte n\u00e1s<\/span>\n                    <\/h1>\n                                        <p class=\"elementor-icon-box-description\"><\/p>\n\n                                    <\/div>\n            <\/div>\n\n        <\/div>\n\n\t\t\t\t<\/div>\n\t\t\t\t<\/div>\n\t\t\t\t\t\t<\/div>\n\t\t\t\t\t<\/div>\n\t\t<\/div>\n\t\t\t\t\t\t\t\t<\/div>\n\t\t\t\t\t<\/div>\n\t\t<\/section>\n\t\t\t\t<section class=\"elementor-section elementor-top-section elementor-element elementor-element-358f509b elementor-section-boxed elementor-section-height-default elementor-section-height-default\" data-id=\"358f509b\" data-element_type=\"section\" data-settings=\"{&quot;background_background&quot;:&quot;classic&quot;}\">\n\t\t\t\t\t\t<div class=\"elementor-container elementor-column-gap-extended\">\n\t\t\t\t\t\t\t<div class=\"elementor-row\">\n\t\t\t\t\t<div class=\"elementor-column elementor-col-50 elementor-top-column elementor-element elementor-element-1705daf7\" data-id=\"1705daf7\" data-element_type=\"column\">\n\t\t\t<div class=\"elementor-column-wrap elementor-element-populated\">\n\t\t\t\t\t\t\t<div class=\"elementor-widget-wrap\">\n\t\t\t\t\t\t<div class=\"elementor-element elementor-element-6b16ee1f elementor-position-left elementor-view-default elementor-invisible elementor-widget elementor-widget-themo-service-block\" data-id=\"6b16ee1f\" data-element_type=\"widget\" data-settings=\"{&quot;_animation&quot;:&quot;fadeInUp&quot;}\" data-widget_type=\"themo-service-block.default\">\n\t\t\t\t<div class=\"elementor-widget-container\">\n\t\t\t\t\t<div class=\"th-service-block-w\">\n            <div class=\"elementor-icon-box-wrapper th-show-icon\">\n                                    <div class=\"elementor-icon-box-icon th-icon-size-sm\">\n                        <span class=\"elementor-icon\" >\n                            <i aria-hidden=\"true\" class=\"fasth-linea icon-basic-smartphone\"><\/i>                        <\/span>\n                    <\/div>\n                                <div class=\"elementor-icon-box-content\">\n                    <h4 class=\"elementor-icon-box-title\">\n                        <span >+ 420 538 755 825<\/span>\n                    <\/h4>\n                    <p class=\"elementor-icon-box-description\"><\/p>\n                <\/div>\n            <\/div>\n\n        <\/div>\n\n\t\t\t\t<\/div>\n\t\t\t\t<\/div>\n\t\t\t\t<div class=\"elementor-element elementor-element-614f70eb elementor-widget elementor-widget-spacer\" data-id=\"614f70eb\" data-element_type=\"widget\" data-widget_type=\"spacer.default\">\n\t\t\t\t<div class=\"elementor-widget-container\">\n\t\t\t\t\t<div class=\"elementor-spacer\">\n\t\t\t<div class=\"elementor-spacer-inner\"><\/div>\n\t\t<\/div>\n\t\t\t\t<\/div>\n\t\t\t\t<\/div>\n\t\t\t\t<div class=\"elementor-element elementor-element-1ca6c381 elementor-position-left elementor-view-default elementor-invisible elementor-widget elementor-widget-themo-service-block\" data-id=\"1ca6c381\" data-element_type=\"widget\" data-settings=\"{&quot;_animation&quot;:&quot;fadeInUp&quot;}\" data-widget_type=\"themo-service-block.default\">\n\t\t\t\t<div class=\"elementor-widget-container\">\n\t\t\t\t\t<div class=\"th-service-block-w\">\n            <div class=\"elementor-icon-box-wrapper th-show-icon\">\n                                    <div class=\"elementor-icon-box-icon th-icon-size-sm\">\n                        <span class=\"elementor-icon\" >\n                            <i aria-hidden=\"true\" class=\"fasth-linea icon-basic-mail\"><\/i>                        <\/span>\n                    <\/div>\n                                <div class=\"elementor-icon-box-content\">\n                    <h4 class=\"elementor-icon-box-title\">\n                        <span >contact@tinote.app<\/span>\n                    <\/h4>\n                    <p class=\"elementor-icon-box-description\"><\/p>\n                <\/div>\n            <\/div>\n\n        <\/div>\n\n\t\t\t\t<\/div>\n\t\t\t\t<\/div>\n\t\t\t\t<div class=\"elementor-element elementor-element-60c3c9ee elementor-widget elementor-widget-spacer\" data-id=\"60c3c9ee\" data-element_type=\"widget\" data-widget_type=\"spacer.default\">\n\t\t\t\t<div class=\"elementor-widget-container\">\n\t\t\t\t\t<div class=\"elementor-spacer\">\n\t\t\t<div class=\"elementor-spacer-inner\"><\/div>\n\t\t<\/div>\n\t\t\t\t<\/div>\n\t\t\t\t<\/div>\n\t\t\t\t<div class=\"elementor-element elementor-element-3982a2e3 elementor-position-left elementor-view-default elementor-invisible elementor-widget elementor-widget-themo-service-block\" data-id=\"3982a2e3\" data-element_type=\"widget\" data-settings=\"{&quot;_animation&quot;:&quot;fadeInUp&quot;,&quot;_animation_delay&quot;:50}\" data-widget_type=\"themo-service-block.default\">\n\t\t\t\t<div class=\"elementor-widget-container\">\n\t\t\t\t\t<div class=\"th-service-block-w\">\n            <div class=\"elementor-icon-box-wrapper th-show-icon\">\n                                    <div class=\"elementor-icon-box-icon th-icon-size-sm\">\n                        <span class=\"elementor-icon\" >\n                            <i aria-hidden=\"true\" class=\"fasth-trip travelpack-location-pin-1\"><\/i>                        <\/span>\n                    <\/div>\n                                <div class=\"elementor-icon-box-content\">\n                    <h4 class=\"elementor-icon-box-title\">\n                        <span >Kde n\u00e1s najdete<\/span>\n                    <\/h4>\n                    <p class=\"elementor-icon-box-description\">V\u00edt\u011bzslava Nezvala 2\/3\n674 01 T\u0159eb\u00ed\u010d\n\u010cesk\u00e1 republika<\/p>\n                <\/div>\n            <\/div>\n\n        <\/div>\n\n\t\t\t\t<\/div>\n\t\t\t\t<\/div>\n\t\t\t\t<div class=\"elementor-element elementor-element-93ee433 elementor-widget elementor-widget-spacer\" data-id=\"93ee433\" data-element_type=\"widget\" data-widget_type=\"spacer.default\">\n\t\t\t\t<div class=\"elementor-widget-container\">\n\t\t\t\t\t<div class=\"elementor-spacer\">\n\t\t\t<div class=\"elementor-spacer-inner\"><\/div>\n\t\t<\/div>\n\t\t\t\t<\/div>\n\t\t\t\t<\/div>\n\t\t\t\t\t\t<\/div>\n\t\t\t\t\t<\/div>\n\t\t<\/div>\n\t\t\t\t<div class=\"elementor-column elementor-col-50 elementor-top-column elementor-element elementor-element-6f990130\" data-id=\"6f990130\" data-element_type=\"column\" data-settings=\"{&quot;background_background&quot;:&quot;classic&quot;}\">\n\t\t\t<div class=\"elementor-column-wrap elementor-element-populated\">\n\t\t\t\t\t\t\t<div class=\"elementor-widget-wrap\">\n\t\t\t\t\t\t<div class=\"elementor-element elementor-element-57e8ecc9 elementor-widget elementor-widget-heading\" data-id=\"57e8ecc9\" data-element_type=\"widget\" data-widget_type=\"heading.default\">\n\t\t\t\t<div class=\"elementor-widget-container\">\n\t\t\t<h3 class=\"elementor-heading-title elementor-size-default\">Napi\u0161te n\u00e1m<\/h3>\t\t<\/div>\n\t\t\t\t<\/div>\n\t\t\t\t<div class=\"elementor-element elementor-element-6a359256 elementor-widget elementor-widget-themo-formidable-form\" data-id=\"6a359256\" data-element_type=\"widget\" data-widget_type=\"themo-formidable-form.default\">\n\t\t\t\t<div class=\"elementor-widget-container\">\n\t\t\t            <div class=\"th-fo-form  th-form-stacked  th-btn-form btn-standard-primary-form\"><div class=\"frm_forms  with_frm_style frm_style_formidable-style\" id=\"frm_form_1_container\" >\n<form enctype=\"multipart\/form-data\" method=\"post\" class=\"frm-show-form\" id=\"form_contact-form\" action=\"\"  >\n<div class=\"frm_form_fields\">\n<fieldset>\n<legend class=\"frm_screen_reader\">Kontaktujte n\u00e1s<\/legend>\r\n\r\n<div class=\"frm_fields_container\">\n<input type=\"hidden\" name=\"frm_action\" value=\"create\" \/>\n<input type=\"hidden\" name=\"form_id\" value=\"1\" \/>\n<input type=\"hidden\" name=\"frm_hide_fields_1\" id=\"frm_hide_fields_1\" value=\"\" \/>\n<input type=\"hidden\" name=\"form_key\" value=\"contact-form\" \/>\n<input type=\"hidden\" name=\"item_meta[0]\" value=\"\" \/>\n<input type=\"hidden\" id=\"frm_submit_entry_1\" name=\"frm_submit_entry_1\" value=\"00f60f8ee3\" \/><input type=\"hidden\" name=\"_wp_http_referer\" value=\"\/cs\/wp-json\/wp\/v2\/pages\/970\" \/><div id=\"frm_field_1_container\" class=\"frm_form_field form-field  frm_required_field frm_top_container frm_first frm_half\">\r\n    <label for=\"field_qh4icy\" id=\"field_qh4icy_label\" class=\"frm_primary_label\">Jm\u00e9no\r\n        <span class=\"frm_required\">*<\/span>\r\n    <\/label>\r\n    <input type=\"text\" id=\"field_qh4icy\" name=\"item_meta[1]\" value=\"\"  data-reqmsg=\"This field cannot be blank.\" aria-required=\"true\" data-invmsg=\"Name is invalid\" aria-invalid=\"false\"   aria-describedby=\"frm_desc_field_qh4icy\"\/>\r\n    <div class=\"frm_description\" id=\"frm_desc_field_qh4icy\">K\u0159estn\u00ed<\/div>\r\n    \r\n<\/div>\n<div id=\"frm_field_2_container\" class=\"frm_form_field form-field  frm_required_field frm_hidden_container frm_half\">\r\n    <label for=\"field_ocfup1\" id=\"field_ocfup1_label\" class=\"frm_primary_label\">P\u0159\u00edjmen\u00ed\r\n        <span class=\"frm_required\">*<\/span>\r\n    <\/label>\r\n    <input type=\"text\" id=\"field_ocfup1\" name=\"item_meta[2]\" value=\"\"  data-reqmsg=\"This field cannot be blank.\" aria-required=\"true\" data-invmsg=\"Last is invalid\" aria-invalid=\"false\"   aria-describedby=\"frm_desc_field_ocfup1\"\/>\r\n    <div class=\"frm_description\" id=\"frm_desc_field_ocfup1\">P\u0159\u00edjmen\u00ed<\/div>\r\n    \r\n<\/div>\n<div id=\"frm_field_3_container\" class=\"frm_form_field form-field  frm_required_field frm_top_container frm_full\">\r\n    <label for=\"field_29yf4d\" id=\"field_29yf4d_label\" class=\"frm_primary_label\">Pracovn\u00ed e-mail\r\n        <span class=\"frm_required\">*<\/span>\r\n    <\/label>\r\n    <input type=\"email\" id=\"field_29yf4d\" name=\"item_meta[3]\" value=\"\"  data-reqmsg=\"This field cannot be blank.\" aria-required=\"true\" data-invmsg=\"Please enter a valid email address\" aria-invalid=\"false\"  \/>\r\n    \r\n    \r\n<\/div>\n<div id=\"frm_field_4_container\" class=\"frm_form_field form-field  frm_top_container frm_full\">\r\n    <label for=\"field_e6lis6\" id=\"field_e6lis6_label\" class=\"frm_primary_label\">P\u0159edm\u011bt\r\n        <span class=\"frm_required\"><\/span>\r\n    <\/label>\r\n    <input type=\"text\" id=\"field_e6lis6\" name=\"item_meta[4]\" value=\"\"  data-invmsg=\"Subject is invalid\" aria-invalid=\"false\"  \/>\r\n    \r\n    \r\n<\/div>\n<div id=\"frm_field_5_container\" class=\"frm_form_field form-field  frm_required_field frm_top_container frm_full\">\r\n    <label for=\"field_9jv0r1\" id=\"field_9jv0r1_label\" class=\"frm_primary_label\">Zpr\u00e1va\r\n        <span class=\"frm_required\">*<\/span>\r\n    <\/label>\r\n    <textarea name=\"item_meta[5]\" id=\"field_9jv0r1\" rows=\"5\"  data-reqmsg=\"This field cannot be blank.\" aria-required=\"true\" data-invmsg=\"Message is invalid\" aria-invalid=\"false\"  ><\/textarea>\r\n    \r\n    \r\n<\/div>\n<div id=\"frm_field_44_container\" class=\"frm_form_field form-field  frm_required_field frm_top_container frm_total vertical_radio\">\r\n    <div  id=\"field_eo3w0_label\" class=\"frm_primary_label\">GDPR\r\n        <span class=\"frm_required\">*<\/span>\r\n    <\/div>\r\n    <div class=\"frm_opt_container\" aria-labelledby=\"field_eo3w0_label\" role=\"group\">\t\t<div class=\"frm_checkbox\" id=\"frm_checkbox_44-0\"><label for=\"field_eo3w0-0\"><input type=\"checkbox\" name=\"item_meta[44][]\" id=\"field_eo3w0-0\" value=\"I agree with the processing of my personal data for the purposes of this enquiry.\"  data-reqmsg=\"This field cannot be blank.\" data-invmsg=\"GDPR is invalid\" aria-invalid=\"false\"   \/> Souhlas\u00edm se zpracov\u00e1n\u00edm osobn\u00edch \u00fadaj\u016f pro \u00fa\u010del tohoto kontaktn\u00edho formul\u00e1\u0159e.<\/label><\/div>\n<\/div>\r\n    \r\n    \r\n<\/div>\n<input type=\"hidden\" name=\"item_key\" value=\"\" \/>\n\t<div class=\"frm_verify\" >\n\t<label for=\"frm_email_1\">\n\t\tIf you are human, leave this field blank.\t<\/label>\n\t<input type=\"email\" class=\"frm_verify\" id=\"frm_email_1\" name=\"frm_verify\" value=\"\"  \/>\n<\/div>\n\t\t<div class=\"frm_submit\">\r\n\r\n<button class=\"frm_button_submit\" type=\"submit\"  >Odeslat<\/button>\r\n\r\n<\/div><\/div>\n<\/fieldset>\n<\/div>\n<input type=\"hidden\" name=\"trp-form-language\" value=\"cs\"\/><\/form>\n<\/div>\n<\/div>\n            \t\t<\/div>\n\t\t\t\t<\/div>\n\t\t\t\t\t\t<\/div>\n\t\t\t\t\t<\/div>\n\t\t<\/div>\n\t\t\t\t\t\t\t\t<\/div>\n\t\t\t\t\t<\/div>\n\t\t<\/section>\n\t\t\t\t<section class=\"elementor-section elementor-top-section elementor-element elementor-element-18b5fe0 elementor-section-full_width elementor-section-height-default elementor-section-height-default\" data-id=\"18b5fe0\" data-element_type=\"section\">\n\t\t\t\t\t\t<div class=\"elementor-container elementor-column-gap-default\">\n\t\t\t\t\t\t\t<div class=\"elementor-row\">\n\t\t\t\t\t<div class=\"elementor-column elementor-col-100 elementor-top-column elementor-element elementor-element-d8f73aa\" data-id=\"d8f73aa\" data-element_type=\"column\">\n\t\t\t<div class=\"elementor-column-wrap elementor-element-populated\">\n\t\t\t\t\t\t\t<div class=\"elementor-widget-wrap\">\n\t\t\t\t\t\t<div class=\"elementor-element elementor-element-328663e elementor-widget elementor-widget-google_maps\" data-id=\"328663e\" data-element_type=\"widget\" data-widget_type=\"google_maps.default\">\n\t\t\t\t<div class=\"elementor-widget-container\">\n\t\t\t<div class=\"elementor-custom-embed\"><iframe frameborder=\"0\" scrolling=\"no\" marginheight=\"0\" marginwidth=\"0\" src=\"https:\/\/maps.google.com\/maps?q=V.%20Nezvala%202%2F3%2C%20674%2001%20T%C5%99eb%C3%AD%C4%8D%2C%20%C4%8Cesko&amp;t=m&amp;z=10&amp;output=embed&amp;iwloc=near\" title=\"V. Nezvala 2\/3, 674 01 T\u0159eb\u00ed\u010d, \u010cesko\" aria-label=\"V. Nezvala 2\/3, 674 01 T\u0159eb\u00ed\u010d, \u010cesko\"><\/iframe><\/div>\t\t<\/div>\n\t\t\t\t<\/div>\n\t\t\t\t\t\t<\/div>\n\t\t\t\t\t<\/div>\n\t\t<\/div>\n\t\t\t\t\t\t\t\t<\/div>\n\t\t\t\t\t<\/div>\n\t\t<\/section>\n\t\t\t\t\t\t<\/div>\n\t\t\t\t\t\t<\/div>\n\t\t\t\t\t<\/div>","protected":false},"excerpt":{"rendered":"<p>Contact Us + 420 538 755 825 contact@tinote.app Head office V\u00edt\u011bzslava Nezvala 2\/3 674 01 T\u0159eb\u00ed\u010d Czech Republic Send us a message Contact Us Name * First Last * Last Business email * Subject * Message * GDPR * I &hellip; <a href=\"https:\/\/www.tinote.app\/cs\/contact-us\/\">Read More<\/a><\/p>","protected":false},"author":1,"featured_media":0,"parent":0,"menu_order":0,"comment_status":"closed","ping_status":"closed","template":"","meta":[],"yoast_head":"<!-- This site is optimized with the Yoast SEO plugin v15.8 - https:\/\/yoast.com\/wordpress\/plugins\/seo\/ -->\n<title>Contact us - Tinote<\/title>\n<meta name=\"robots\" content=\"index, follow, max-snippet:-1, max-image-preview:large, max-video-preview:-1\" \/>\n<link rel=\"canonical\" href=\"https:\/\/www.tinote.app\/cs\/contact-us\/\" \/>\n<meta property=\"og:locale\" content=\"cs_CZ\" \/>\n<meta property=\"og:type\" content=\"article\" \/>\n<meta property=\"og:title\" content=\"Contact us - Tinote\" \/>\n<meta property=\"og:description\" content=\"Contact Us + 420 538 755 825 contact@tinote.app Head office V\u00edt\u011bzslava Nezvala 2\/3 674 01 T\u0159eb\u00ed\u010d Czech Republic Send us a message Contact Us Name * First Last * Last Business email * Subject * Message * GDPR * I &hellip; Read More\" \/>\n<meta property=\"og:url\" content=\"https:\/\/www.tinote.app\/cs\/contact-us\/\" \/>\n<meta property=\"og:site_name\" content=\"Tinote\" \/>\n<meta property=\"article:modified_time\" content=\"2021-02-13T07:33:22+00:00\" \/>\n<meta name=\"twitter:card\" content=\"summary_large_image\" \/>\n<meta name=\"twitter:label1\" content=\"Odhadovan\u00e1 doba \u010dten\u00ed\">\n\t<meta name=\"twitter:data1\" content=\"1 minuta\">\n<script type=\"application\/ld+json\" class=\"yoast-schema-graph\">{\"@context\":\"https:\/\/schema.org\",\"@graph\":[{\"@type\":\"WebSite\",\"@id\":\"https:\/\/www.tinote.app\/#website\",\"url\":\"https:\/\/www.tinote.app\/\",\"name\":\"Tinote\",\"description\":\"Smart asset management\",\"potentialAction\":[{\"@type\":\"SearchAction\",\"target\":\"https:\/\/www.tinote.app\/?s={search_term_string}\",\"query-input\":\"required name=search_term_string\"}],\"inLanguage\":\"cs\"},{\"@type\":\"WebPage\",\"@id\":\"https:\/\/www.tinote.app\/contact-us\/#webpage\",\"url\":\"https:\/\/www.tinote.app\/contact-us\/\",\"name\":\"Contact us - Tinote\",\"isPartOf\":{\"@id\":\"https:\/\/www.tinote.app\/#website\"},\"datePublished\":\"2021-02-03T11:09:29+00:00\",\"dateModified\":\"2021-02-13T07:33:22+00:00\",\"breadcrumb\":{\"@id\":\"https:\/\/www.tinote.app\/contact-us\/#breadcrumb\"},\"inLanguage\":\"cs\",\"potentialAction\":[{\"@type\":\"ReadAction\",\"target\":[\"https:\/\/www.tinote.app\/contact-us\/\"]}]},{\"@type\":\"BreadcrumbList\",\"@id\":\"https:\/\/www.tinote.app\/contact-us\/#breadcrumb\",\"itemListElement\":[{\"@type\":\"ListItem\",\"position\":1,\"item\":{\"@type\":\"WebPage\",\"@id\":\"https:\/\/www.tinote.app\/\",\"url\":\"https:\/\/www.tinote.app\/\",\"name\":\"Home\"}},{\"@type\":\"ListItem\",\"position\":2,\"item\":{\"@type\":\"WebPage\",\"@id\":\"https:\/\/www.tinote.app\/contact-us\/\",\"url\":\"https:\/\/www.tinote.app\/contact-us\/\",\"name\":\"Contact us\"}}]}]}<\/script>\n<!-- \/ Yoast SEO plugin. -->","_links":{"self":[{"href":"https:\/\/www.tinote.app\/cs\/wp-json\/wp\/v2\/pages\/970"}],"collection":[{"href":"https:\/\/www.tinote.app\/cs\/wp-json\/wp\/v2\/pages"}],"about":[{"href":"https:\/\/www.tinote.app\/cs\/wp-json\/wp\/v2\/types\/page"}],"author":[{"embeddable":true,"href":"https:\/\/www.tinote.app\/cs\/wp-json\/wp\/v2\/users\/1"}],"replies":[{"embeddable":true,"href":"https:\/\/www.tinote.app\/cs\/wp-json\/wp\/v2\/comments?post=970"}],"version-history":[{"count":47,"href":"https:\/\/www.tinote.app\/cs\/wp-json\/wp\/v2\/pages\/970\/revisions"}],"predecessor-version":[{"id":1782,"href":"https:\/\/www.tinote.app\/cs\/wp-json\/wp\/v2\/pages\/970\/revisions\/1782"}],"wp:attachment":[{"href":"https:\/\/www.tinote.app\/cs\/wp-json\/wp\/v2\/media?parent=970"}],"curies":[{"name":"wp","href":"https:\/\/api.w.org\/{rel}","templated":true}]}}